{"id":7925,"date":"2019-06-12T12:15:57","date_gmt":"2019-06-12T10:15:57","guid":{"rendered":"https:\/\/dev22.bbz-nok.de\/datenschutz\/"},"modified":"2024-02-22T09:35:28","modified_gmt":"2024-02-22T08:35:28","slug":"privacy","status":"publish","type":"page","link":"https:\/\/www.bbz-nok.de\/en\/privacy\/","title":{"rendered":"Privacy"},"content":{"rendered":"\t\t<div data-elementor-type=\"wp-page\" data-elementor-id=\"7925\" class=\"elementor elementor-7925 elementor-3\" data-elementor-post-type=\"page\">\n\t\t\t\t\t\t<section class=\"elementor-section elementor-top-section elementor-element elementor-element-2d10051e elementor-section-boxed elementor-section-height-default elementor-section-height-default\" data-id=\"2d10051e\" data-element_type=\"section\" data-e-type=\"section\">\n\t\t\t\t\t\t<div class=\"elementor-container elementor-column-gap-no\">\n\t\t\t\t\t<div class=\"elementor-column elementor-col-100 elementor-top-column elementor-element elementor-element-375d6e4c\" data-id=\"375d6e4c\" data-element_type=\"column\" data-e-type=\"column\">\n\t\t\t<div class=\"elementor-widget-wrap elementor-element-populated\">\n\t\t\t\t\t\t<div class=\"elementor-element elementor-element-e61933f elementor-toc--minimized-on-tablet elementor-widget elementor-widget-table-of-contents\" data-id=\"e61933f\" data-element_type=\"widget\" data-e-type=\"widget\" data-settings=\"{&quot;headings_by_tags&quot;:[&quot;h2&quot;,&quot;h3&quot;],&quot;exclude_headings_by_selector&quot;:[],&quot;marker_view&quot;:&quot;bullets&quot;,&quot;icon&quot;:{&quot;value&quot;:&quot;&quot;,&quot;library&quot;:&quot;&quot;},&quot;no_headings_message&quot;:&quot;No headings were found on this page.&quot;,&quot;minimize_box&quot;:&quot;yes&quot;,&quot;minimized_on&quot;:&quot;tablet&quot;,&quot;hierarchical_view&quot;:&quot;yes&quot;,&quot;min_height&quot;:{&quot;unit&quot;:&quot;px&quot;,&quot;size&quot;:&quot;&quot;,&quot;sizes&quot;:[]},&quot;min_height_tablet&quot;:{&quot;unit&quot;:&quot;px&quot;,&quot;size&quot;:&quot;&quot;,&quot;sizes&quot;:[]},&quot;min_height_mobile&quot;:{&quot;unit&quot;:&quot;px&quot;,&quot;size&quot;:&quot;&quot;,&quot;sizes&quot;:[]}}\" data-widget_type=\"table-of-contents.default\">\n\t\t\t\t<div class=\"elementor-widget-container\">\n\t\t\t\t\t\t\t\t\t<div class=\"elementor-toc__header\">\n\t\t\t\t\t\t<h4 class=\"elementor-toc__header-title\">\n\t\t\t\t\u00dcbersicht \u00fcber den Inahlt\t\t\t<\/h4>\n\t\t\t\t\t\t\t\t\t\t<div class=\"elementor-toc__toggle-button elementor-toc__toggle-button--expand\" role=\"button\" tabindex=\"0\" aria-controls=\"elementor-toc__e61933f\" aria-expanded=\"true\" aria-label=\"Open table of contents\"><i aria-hidden=\"true\" class=\"fas fa-chevron-down\"><\/i><\/div>\n\t\t\t\t<div class=\"elementor-toc__toggle-button elementor-toc__toggle-button--collapse\" role=\"button\" tabindex=\"0\" aria-controls=\"elementor-toc__e61933f\" aria-expanded=\"true\" aria-label=\"Close table of contents\"><i aria-hidden=\"true\" class=\"fas fa-chevron-up\"><\/i><\/div>\n\t\t\t\t\t<\/div>\n\t\t\t\t<div id=\"elementor-toc__e61933f\" class=\"elementor-toc__body\">\n\t\t\t<div class=\"elementor-toc__spinner-container\">\n\t\t\t\t<i class=\"elementor-toc__spinner eicon-animation-spin eicon-loading\" aria-hidden=\"true\"><\/i>\t\t\t<\/div>\n\t\t<\/div>\n\t\t\t\t\t\t<\/div>\n\t\t\t\t<\/div>\n\t\t\t\t<div class=\"elementor-element elementor-element-feba2f7 elementor-widget elementor-widget-text-editor\" data-id=\"feba2f7\" data-element_type=\"widget\" data-e-type=\"widget\" data-widget_type=\"text-editor.default\">\n\t\t\t\t<div class=\"elementor-widget-container\">\n\t\t\t\t\t\t\t\t\t<h2>I. Pr\u00e4ambel<\/h2><p>Eine vertrauensvolle Ausbildung beginnt f\u00fcr uns bereits im Kleinen. Das beinhaltet f\u00fcr uns auch den Schutz der Daten unserer Besucher und Sch\u00fcler von Anfang an. Mit dieser Datenschutzerkl\u00e4rung m\u00f6chten wir Sie daher \u00fcber Art, Umfang und Zweck der Verarbeitung Ihrer personenbezogenen Daten aufkl\u00e4ren, die durch den Besuch unserer Website vorgenommen wird.<br \/>Die nachfolgenden Informationen basieren auf den Vorgaben der Datenschutzgrundverordnung der Europ\u00e4ischen Union (im Folgenden: DSGVO).<\/p><h2>II. Allgemeines<\/h2><h3>a. Verantwortlicher<\/h3><p>Verantwortlicher im Sinne der DSGVO ist:<br \/>BBZ am Nord-Ostsee-Kanal \u2013 A\u00f6R<br \/>&#8211; Europaschule &#8211;<br \/>Herrenstra\u00dfe 30-32<br \/>24768 Rendsburg<\/p><p>Fon: +49 4331 43408-0<br \/>Fax: +49 4331 26239<br \/>Mail: info(at)bbz-nok.de<\/p><h3>b. Datenschutzbeauftragter<\/h3><p>Bei Fragen zum Datenschutz wenden Sie sich gern direkt an uns.<\/p><h3>c. Datenarten<\/h3><p>Auf unserer Website verarbeiten wir regelm\u00e4\u00dfig folgende Datenarten:<\/p><ul><li>Bestandsdaten (Daten, die f\u00fcr die Begr\u00fcndung, inhaltliche Ausgestaltung, \u00c4nderung oder Beendigung eines Vertragsverh\u00e4ltnisses notwendig sind; bspw. Name und Adresse)<\/li><li>Kontaktdaten (Daten, unter denen man Sie oder Ihr Unternehmen erreichen kann; bspw. E-Mail-Adresse oder Telefonnummer)<\/li><li>Inhaltsdaten (Inhalte von \u00fcbertragenen Nachrichten; bspw. Texte, die Sie eingeben, Bild, Videos)<\/li><li>Nutzungsdaten (technische Informationen \u00fcber bspw. Zugriffszeiten und besuchte Websites)<\/li><li>Kommunikationsdaten (Daten, die uns Informationen \u00fcber den Kommunikationsweg geben, bspw. der von Ihnen verwendete Browser, Ger\u00e4te-Informationen aber auch IP-Adressen)<\/li><\/ul><p>Im Rahmen von gesch\u00e4ftsbezogenen Verarbeitungen fallen zus\u00e4tzlich folgende Datenarten an:<\/p><ul><li>Vertragsdaten (Vertragstext und -gegenstand, Laufzeit, etc.)<\/li><li>Zahlungsdaten (bspw. Bankverbindungen und Buchungshistorie)<\/li><\/ul><h3>d. Betroffene Personengruppen &amp; allg. Zweck der Verarbeitung<\/h3><p>Personenbezogene Daten werden von den Nutzern dieser Website erhoben. Die von Ihnen erhobenen Daten werden zur Verf\u00fcgungstellung dieser Website und zur Beantwortung von Kontaktanfragen verarbeitet. Dar\u00fcber hinaus erfassen wir einige Daten zum Zwecke der Reichweitenmessung und um unser Angebot noch attraktiver f\u00fcr unsere Kunden zu gestalten. Welche Daten konkret erfasst werden, auf welche Rechtsgrundlage dies geschieht und wie wir diese verarbeiten entnehmen Sie bitte den speziellen Erl\u00e4uterungen im Verlauf dieser Datenschutzerkl\u00e4rung.<\/p><h3>e. Widerrufsrecht<\/h3><p>Sie haben das Recht jederzeit ohne Angaben von Gr\u00fcnden eine etwa erteilte Einwilligung gem. Art. 7 Abs. 3 DSGVO mit Wirkung f\u00fcr die Zukunft zu widerrufen. Der Widerruf ist nicht an eine bestimmte Form gebunden und wird unabh\u00e4ngig von dem benutzen Medium mit Zugang wirksam und von uns beachtet. Zu Ihrer und unserer Arbeitserleichterung bitten wir den Widerruf jedoch an folgende E-Mail-Adresse zu senden: info(at)bbz-nok.de.<\/p><h3>f. Cookies<\/h3><p>Wir verwenden auf unserer Website sogenannte \u201eCookies\u201c. Wir verwenden nur technisch notwendige Cookies und weisen darauf zu Beginn des Besuchs auf unserer Website in einer entsprechenden Einblendung hin. Cookies sind kleine Textdateien, welche lokal auf Ihrem Endger\u00e4t gespeichert werden und grunds\u00e4tzlich auch Daten \u00fcber den Besuch auf der jeweiligen Website hinaus bei Ihnen hinterlegen k\u00f6nnen.<\/p><p>\u201eCookies\u201c dienen im Allgemeinen dazu, einen Nutzer auf einer Website wieder zu erkennen und Ihm so beispielsweise die erneute Eingabe von Informationen oder Einstellungen zu ersparen. Sie k\u00f6nnen jedoch auch als sogenannter \u201eSessions-Cookie\u201c lediglich f\u00fcr die Dauer des Besuchs auf einer Website bei Ihnen hinterlegt werden und beispielsweise zur korrekten Funktionalit\u00e4t des Warenkorbs eines Webshops dienen. Ein solcher \u201eSession-Cookie\u201c wird mit dem Beenden Ihres Browsers automatisch entfernt. Welche Cookies verwendet werden, welche Daten hinterlegt werden und zu welchem Zweck diese verwendet werden, entnehmen Sie bitte den nachfolgenden Ausf\u00fchrungen.<\/p><p>Sollten Sie generell auf die Nutzung von Cookies verzichten wollen, so bieten die g\u00e4ngigen Browser auch diese Option an. Wir weisen jedoch darauf hin, dass dies unter Umst\u00e4nden die Funktionalit\u00e4t dieser und anderer Websites beeintr\u00e4chtigen kann.<br \/>Daneben haben Sie auch die M\u00f6glichkeit, dem Setzen eines Cookies von einigen gr\u00f6\u00dferen Anbietern zu Zwecken des Online-Marketings und des Trackings pr\u00e4ventiv zu widersprechen. Diese M\u00f6glichkeit bieten zum einen die europ\u00e4ische Website http:\/\/www.youronlinechoices.com oder die US-amerikanische Website http:\/\/www.aboutads.info\/choices\/.<\/p><h3>g. Genereller (Werbe-) Widerspruch<\/h3><p>Sie haben gem. Art. 21 Abs. 1 DSGVO jederzeit das Recht, der Verarbeitung Ihrer personenbezogenen Daten die aufgrund von Art. 6 Abs. 1 S. 1 e) erfolgt, aus Gr\u00fcnden zu widersprechen, die sich aus ihrer besonderen Situation ergeben.<br \/>Sie haben zudem gem. Art. 21 Abs. 2 DSGVO jederzeit das Recht, der Verarbeitung Ihrer personenbezogenen Daten zum Zwecke der Direktwerbung zu widersprechen.<br \/>Auch der Widerspruch ist nicht an eine bestimmte Form gebunden und wird unabh\u00e4ngig von dem benutzen Medium mit Zugang wirksam und von uns beachtet. Zu Ihrer und unserer Arbeitserleichterung bitten wir den Widerruf jedoch an folgende E-Mail-Adresse zu senden: info(at)bbz-nok.de.<\/p><h3>h. Generelle L\u00f6sch- und Sperrvorgabe<\/h3><p>Ihre personenbezogenen Daten l\u00f6schen bzw. sperren wir gem. Art. 17 und 18 DSGVO. Die Daten werden von uns insbesondere gel\u00f6scht, sobald der Zweck, f\u00fcr den wir die Daten urspr\u00fcnglich erhoben haben, weggefallen ist, es sei denn, dass wir nach Artikel 6 Abs. 1 S. 1 c) DSGVO aufgrund von steuer- und handelsrechtlichen Aufbewahrungs- und Dokumentationspflichten zu einer l\u00e4ngeren Speicherung verpflichtet sind. Im Falle von gesetzlichen Aufbewahrungspflichten sperren wir die Daten, sodass wir diese ausschlie\u00dflich zu dem gesetzlich vorgeschriebenen Zweck verarbeiten werden.<\/p><h3>i. Datensicherheit<\/h3><p>Um die Sicherheit Ihrer Daten zu gew\u00e4hrleisten, verwenden wir zur \u00dcbertragung der Website-Inhalte als auch der von Ihnen eingegebenen Daten das verbreitete Secure-Socket-Layer-Verfahren (SSL-Verfahren). Die zwischen Ihnen und unserem Hostinganbieter \u00fcbertragenen Daten werden mit einer 256-bit Verschl\u00fcsselung codiert. Falls Ihr Browser keine 256-bit Verschl\u00fcsselung unterst\u00fctzt, greifen wir stattdessen auf 128-bit v3 Technologie zur\u00fcck.<\/p><h2>III. Ihre Rechte<\/h2><p>Sinn und Zweck unserer Bem\u00fchungen um den Schutz Ihrer Daten ist stets Ihre vollst\u00e4ndige Herrschaft \u00fcber die von Ihnen gelieferten Angaben sicherzustellen. Sie haben daher, neben den bereits oben dargestellten Rechten, auch dar\u00fcber hinausgehende Rechte in Bezug auf die bei uns hinterlegten personenbezogenen Daten, die wir im Folgenden gern einzeln beschreiben.<\/p><h3>a. Recht auf Best\u00e4tigung der Verarbeitung<\/h3><p>Sie haben gem. Art 15 DSGVO das Recht, von uns eine Best\u00e4tigung \u00fcber die Verarbeitung Ihrer personenbezogenen Daten zu bekommen.<\/p><h3>b. Recht auf Auskunft<\/h3><p>Sollten wir personenbezogene Daten von Ihnen verarbeiten, haben Sie gem. Art. 15 DSGVO zudem das Recht zu erfahren, welche Daten uns vorliegen. Wir werden Ihnen gem. den Vorgaben des Art. 15 DSGVO die Informationen zur Verf\u00fcgung stellen.<\/p><h3>c. Recht auf Vervollst\u00e4ndigung &amp; Berichtigung<\/h3><p>Sie haben gem. Art. 16 DSGVO das Recht, von uns unverz\u00fcglich die Korrektur der Sie betreffenden unrichtigen personenbezogenen Daten zu verlangen. Dar\u00fcber hinaus haben Sie das Recht, die bei uns hinterlegten unvollst\u00e4ndigen Daten zu vervollst\u00e4ndigen.<\/p><h3>d. Recht auf L\u00f6schung<\/h3><p>Sie haben unter den Voraussetzungen des Art. 17 DSGVO das Recht, von uns unverz\u00fcglich die L\u00f6schung Ihrer personenbezogenen Daten zu verlangen.<\/p><h3>e. Recht auf Einschr\u00e4nkung der Verarbeitung<\/h3><p>Sie haben unter den Voraussetzungen des Art. 18 DSGVO das Recht, von uns unverz\u00fcglich die Einschr\u00e4nkung der Verarbeitung Ihrer personenbezogenen Daten zu verlangen.<\/p><h3>f. Recht auf Daten\u00fcbertragbarkeit<\/h3><p>Sie haben gem. Art. 20 DSGVO das Recht, die Sie betreffenden personenbezogenen Daten von uns in einem strukturierten, g\u00e4ngigen und maschinenlesbaren Format bereitgestellt zu bekommen und zu verlangen, dass diese einem Dritten ohne Behinderung bereitgestellt werden. Einschr\u00e4nkungen dieses Rechts k\u00f6nnen sich aus Art. 20 DSGVO ergeben.<\/p><h3>g. Beschwerderecht<\/h3><p>Sie haben gem. Art. 77 DSGVO das Recht, Beschwerde bei der zust\u00e4ndigen Aufsichtsbeh\u00f6rde einzureichen. Die zust\u00e4ndige Beh\u00f6rde erreichen Sie unter folgender Adresse: ULD &#8211; Unabh\u00e4ngiges Landeszentrum f\u00fcr Datenschutz Schleswig-Holstein; Holstenstra\u00dfe 98, 24103 Kiel; Tel.: 0431-9881200: Fax.: 0431-9881223; E-Mail: mail@datenschutzzentrum.de.<\/p><h2>IV. Verarbeitung zum Zwecke der technischen und organisatorischen Funktionalit\u00e4t<\/h2><h3>a. Hosting der Website<\/h3><p>Um Ihnen diese Website zur Verf\u00fcgung stellen zu k\u00f6nnen, arbeiten wir mit einem Hostinganbieter zusammen. Dieser liefert die Infrastruktur f\u00fcr den st\u00f6rungsfreien Betrieb dieser Website und stellt mit regelm\u00e4\u00dfigen Wartungen sicher, dass Ihre Daten nicht verloren gehen. Um den Schutz Ihrer Daten und die Einhaltung von Datenschutzstandards zu gew\u00e4hrleisten, haben wir auch unseren Hostinganbieter im Rahmen eines Auftragsverarbeitungsvertrags gem. Art. 28 DSGVO zur Wahrung unserer hohen Datenschutzstandards verpflichtet. Dieser verarbeitet zur Aufrechterhaltung des Betriebs, sowie der Sicherheit dieser Website in unserem Auftrag Bestands-, Kontakt-, Inhalts-, Vertrags-, Nutzungs- und Kommunikationsdaten der Nutzer dieser Website.<\/p><p>Daneben entstehen bei jedem Besuch unserer Website Nutzungsdaten. Diese beinhalten insb. den Namen der aufgerufenen Website, heruntergeladene Dateien, Datum und Uhrzeit des Abrufs, jeweils \u00fcbertragene Datenmengen, Meldungen \u00fcber den erfolgreichen Aufruf der Website, verwendeter Browsertyp &amp; Betriebssystem, die zuvor besuchte Seite, die IP-Adresse und den benutzten Provider. Diese verarbeiten wir bzw. unser Hostinganbieter in unserem Auftrag und auf der Grundlage unseres \u00f6ffentlich-rechtlichen Auftrags gem. Art. 6 Abs. 1 e) DSGVO. Die personenbezogenen Daten werden, mit Ausnahme von solchen, deren weitere Speicherung zu Beweissicherungszwecken erforderlich sind, f\u00fcr die Dauer von 7 Tagen gespeichert und sodann automatisch gel\u00f6scht.<\/p><h3>b. Kontaktaufnahme<\/h3><p>Wenn Sie mit uns in Kontakt treten m\u00f6chten, so steht Ihnen hierf\u00fcr unser Kontaktformular zur Verf\u00fcgung. Die dort erhobenen Daten verarbeiten wir zum Zwecke der Bearbeitung Ihrer Kontaktanfrage gem. Art. 6 Abs. 1 S. 1 b) DSGVO. Sollten wir dar\u00fcber hinaus in gesch\u00e4ftlichem Kontakt bleiben, k\u00f6nnen Ihre personenbezogenen Daten auch im Rahmen des Customer Relationship Managments in einem entsprechenden System verarbeitet werden. Sofern die Daten nach Beantwortung Ihrer Anfrage nicht mehr erforderlich sind, werden wir diese l\u00f6schen, sofern keine gesetzliche Archivierungspflichten bestehen.<\/p><h3>c. Abwesenheitsmeldung<\/h3><p>Auf unserer Website haben Sie die M\u00f6glichkeit online eine Abwesenheitsmeldung bzw. Krankmeldung vorzunehmen. Die uns von Ihnen mit der Anfrage zur Verf\u00fcgung gestellten personenbezogenen Daten werden wir zum Zwecke der jeweiligen Bearbeitung Ihrer Anfrage auf Grundlage von Art. 6 Abs. 1 S. 1 b) &amp; e) DSGVO verarbeiten.<\/p><p>Die Daten und insbesondere die hochgeladenen Dateien werden durch unseren Server via E-Mail an uns \u00fcbertragen. Die \u00dcbertragung erfolgt hierbei transportverschl\u00fcsselt, jedoch nicht inhaltsverschl\u00fcsselt. Bitte achten Sie darauf ausschlie\u00dflich die f\u00fcr den Arbeitgeber vorgesehene Version der Arbeitsunf\u00e4higkeitsbescheinigung hochzuladen. Die mit Ihrer Meldung verbundenen Daten werden f\u00fcr einen Zeitraum von einem Jahr aufbewahrt und sodann gel\u00f6scht.<\/p><h3>c. Tagesgerichte bestellen<\/h3><p>Auf unserer Website haben Sie die M\u00f6glichkeit online ein Tagesgericht vorzubestellen. Die Anmeldung dient der besseren Planbarkeit des Bedarfs und stellt durch die Angabe Ihres Namens sicher, dass eine Mahlzeit f\u00fcr Sie vorgehalten werden kann. Die uns von Ihnen mit der Anfrage zur Verf\u00fcgung gestellten personenbezogenen Daten werden wir zum Zwecke der jeweiligen Bearbeitung Ihrer Vorbestellung auf Grundlage von Art. 6 Abs. 1 S. 1 b) DSGVO verarbeiten und unverz\u00fcglich nach Abwicklung der Bestellung l\u00f6schen.<\/p><h2>V. Verwendung von Diensten Dritter \u2013 technische Funktionalit\u00e4t und Information<\/h2><h3>a. Webuntis<\/h3><p>F\u00fcr die Erstellung unserer Stundenpl\u00e4ne nutzen wir die Software Untis. Unter der Rubrik \u201eStundenpl\u00e4ne und Unterrichtszeiten\u201c haben wir einen Link zur Online-Plattform \u201eWebuntis\u201c gesetzt. Nach einem Klick werden Sie auf unsere Partnerseite umgeleitet und k\u00f6nnen sich dort mit Ihren Zugangsdaten einloggen. Verantwortlich f\u00fcr die auf der Webplattform verarbeiteten Daten ist die Untis GmbH, Belvederegasse 11, 2000 Stockerau \u2013 \u00d6sterreich.<\/p><h2>VI. Stand und \u00c4nderung dieser Datenschutzerkl\u00e4rung<\/h2><p>Diese Datenschutzerkl\u00e4rung hat den Stand April 2020 und ist die derzeit aktuelle Version. Aufgrund der Weiterentwicklung unserer Website und Angebote, sowie durch rechtliche Vorgaben kann es jedoch jederzeit notwendig werden, diese Datenschutzerkl\u00e4rung zu \u00e4ndern. Die jeweils aktuelle Datenschutzerkl\u00e4rung kann jederzeit unter <a href=\"https:\/\/www.bbz-nok.de\/datenschutz\/\">https:\/\/www.bbz-nok.de\/datenschutz\/<\/a> abgerufen werden.<\/p>\t\t\t\t\t\t\t\t<\/div>\n\t\t\t\t<\/div>\n\t\t\t\t\t<\/div>\n\t\t<\/div>\n\t\t\t\t\t<\/div>\n\t\t<\/section>\n\t\t\t\t<\/div>\n\t\t","protected":false},"excerpt":{"rendered":"<p>\u00dcbersicht \u00fcber den Inahlt I. Pr\u00e4ambel Eine vertrauensvolle Ausbildung beginnt f\u00fcr uns bereits im Kleinen. Das beinhaltet f\u00fcr uns auch den Schutz der Daten unserer Besucher und Sch\u00fcler von Anfang an. Mit dieser Datenschutzerkl\u00e4rung m\u00f6chten wir Sie daher \u00fcber Art, Umfang und Zweck der Verarbeitung Ihrer personenbezogenen Daten aufkl\u00e4ren, die durch den Besuch unserer Website&hellip; <a class=\"continue\" href=\"https:\/\/www.bbz-nok.de\/en\/privacy\/\">Weiterlesen<span> Privacy<\/span><\/a><\/p>\n","protected":false},"author":9,"featured_media":0,"parent":0,"menu_order":100,"comment_status":"closed","ping_status":"closed","template":"","meta":{"footnotes":""},"class_list":["post-7925","page","type-page","status-publish","hentry"],"_links":{"self":[{"href":"https:\/\/www.bbz-nok.de\/en\/wp-json\/wp\/v2\/pages\/7925","targetHints":{"allow":["GET"]}}],"collection":[{"href":"https:\/\/www.bbz-nok.de\/en\/wp-json\/wp\/v2\/pages"}],"about":[{"href":"https:\/\/www.bbz-nok.de\/en\/wp-json\/wp\/v2\/types\/page"}],"author":[{"embeddable":true,"href":"https:\/\/www.bbz-nok.de\/en\/wp-json\/wp\/v2\/users\/9"}],"replies":[{"embeddable":true,"href":"https:\/\/www.bbz-nok.de\/en\/wp-json\/wp\/v2\/comments?post=7925"}],"version-history":[{"count":0,"href":"https:\/\/www.bbz-nok.de\/en\/wp-json\/wp\/v2\/pages\/7925\/revisions"}],"wp:attachment":[{"href":"https:\/\/www.bbz-nok.de\/en\/wp-json\/wp\/v2\/media?parent=7925"}],"curies":[{"name":"wp","href":"https:\/\/api.w.org\/{rel}","templated":true}]}}