{"id":17185,"date":"2026-02-22T15:27:18","date_gmt":"2026-02-22T14:27:18","guid":{"rendered":"https:\/\/www.bbz-nok.de\/?page_id=17185"},"modified":"2026-02-22T15:35:08","modified_gmt":"2026-02-22T14:35:08","slug":"avflex","status":"publish","type":"page","link":"https:\/\/www.bbz-nok.de\/en\/educational-offers\/vocational-preparation\/avflex\/","title":{"rendered":"AVflex"},"content":{"rendered":"\t\t<div data-elementor-type=\"wp-page\" data-elementor-id=\"17185\" class=\"elementor elementor-17185 elementor-17180\" data-elementor-post-type=\"page\">\n\t\t\t\t\t\t<section class=\"elementor-section elementor-top-section elementor-element elementor-element-2b373a93 elementor-section-boxed elementor-section-height-default elementor-section-height-default\" data-id=\"2b373a93\" data-element_type=\"section\" data-e-type=\"section\">\n\t\t\t\t\t\t<div class=\"elementor-container elementor-column-gap-default\">\n\t\t\t\t\t<div class=\"elementor-column elementor-col-100 elementor-top-column elementor-element elementor-element-4b2b2b48\" data-id=\"4b2b2b48\" data-element_type=\"column\" data-e-type=\"column\">\n\t\t\t<div class=\"elementor-widget-wrap elementor-element-populated\">\n\t\t\t\t\t\t<div class=\"elementor-element elementor-element-7f9aef13 elementor-widget elementor-widget-text-editor\" data-id=\"7f9aef13\" data-element_type=\"widget\" data-e-type=\"widget\" data-widget_type=\"text-editor.default\">\n\t\t\t\t<div class=\"elementor-widget-container\">\n\t\t\t\t\t\t\t\t\t<span style=\"color: #000000;\"><span style=\"font-size: large;\">Die Unterstufe der ehemaligen BFS I wird in die neue AVflex integriert und die Strukturen der ehemaligen AVdual werden \u00fcbernommen<\/span><\/span>\n\n<span style=\"color: #000000;\"><span style=\"font-size: large;\">Es werden insgesamt vier Klassen eingeschult, davon sind jeweils zwei parallel entweder im Unterricht oder im Praktikum.<\/span><\/span>\n\n&nbsp;\n<h4>Unser Konzept:<\/h4>\n<ul>\n \t<li><span style=\"color: #000000;\"><span style=\"font-size: large;\">alle Sch\u00fclerinnen und Sch\u00fcler haben 3 Wochen Unterricht und 3 Wochen Praktikum im Wechsel<\/span><\/span><\/li>\n \t<li><span style=\"color: #000000;\"><span style=\"font-size: large;\">die Praktika sind Pflicht!<\/span><\/span><\/li>\n \t<li><span style=\"color: #000000;\"><span style=\"font-size: large;\">Alle Sch\u00fclerinnen und Sch\u00fcler werden in den allgemeinbildenden F\u00e4chern gemeinsam beschult.<\/span><\/span><\/li>\n<\/ul>\n<h4><\/h4>\n<h4>Differenzierung:<\/h4>\n<ul>\n \t<li><span style=\"color: #000000;\"><span style=\"font-size: large;\">Die Sch\u00fclerinnen und Sch\u00fcler, die den MSA erwerben wollen, besuchen den Technikunterricht\/ Technische Systeme. <\/span><\/span><\/li>\n \t<li><span style=\"color: #000000;\"><span style=\"font-size: large;\">Die Dual-Sch\u00fcler (Ziel Ausbildungsstelle) besuchen parallel den Fachpraxisunterricht in unseren Werkst\u00e4tten.\n<\/span><\/span><\/li>\n<\/ul>\n&nbsp;\n\n&nbsp;\t\t\t\t\t\t\t\t<\/div>\n\t\t\t\t<\/div>\n\t\t\t\t\t<\/div>\n\t\t<\/div>\n\t\t\t\t\t<\/div>\n\t\t<\/section>\n\t\t\t\t<section class=\"elementor-section elementor-top-section elementor-element elementor-element-8dd1729 elementor-section-boxed elementor-section-height-default elementor-section-height-default\" data-id=\"8dd1729\" data-element_type=\"section\" data-e-type=\"section\">\n\t\t\t\t\t\t<div class=\"elementor-container elementor-column-gap-default\">\n\t\t\t\t\t<div class=\"elementor-column elementor-col-100 elementor-top-column elementor-element elementor-element-859ad2e\" data-id=\"859ad2e\" data-element_type=\"column\" data-e-type=\"column\">\n\t\t\t<div class=\"elementor-widget-wrap elementor-element-populated\">\n\t\t\t\t\t\t<div class=\"elementor-element elementor-element-3458a9f elementor-widget elementor-widget-text-editor\" data-id=\"3458a9f\" data-element_type=\"widget\" data-e-type=\"widget\" data-widget_type=\"text-editor.default\">\n\t\t\t\t<div class=\"elementor-widget-container\">\n\t\t\t\t\t\t\t\t\t<p>F\u00fcr weitere Informationen, klicke auf den entsprechenden Button:<\/p>\t\t\t\t\t\t\t\t<\/div>\n\t\t\t\t<\/div>\n\t\t\t\t<div class=\"elementor-element elementor-element-c874e44 elementor-widget elementor-widget-button\" data-id=\"c874e44\" data-element_type=\"widget\" data-e-type=\"widget\" data-widget_type=\"button.default\">\n\t\t\t\t<div class=\"elementor-widget-container\">\n\t\t\t\t\t\t\t\t\t<div class=\"elementor-button-wrapper\">\n\t\t\t\t\t<a class=\"elementor-button elementor-button-link elementor-size-sm\" href=\"https:\/\/www.bbz-nok.de\/bildungsangebote\/berufsvorbereitung\/avdual\/\">\n\t\t\t\t\t\t<span class=\"elementor-button-content-wrapper\">\n\t\t\t\t\t\t\t\t\t<span class=\"elementor-button-text\">AVflex Dual<\/span>\n\t\t\t\t\t<\/span>\n\t\t\t\t\t<\/a>\n\t\t\t\t<\/div>\n\t\t\t\t\t\t\t\t<\/div>\n\t\t\t\t<\/div>\n\t\t\t\t<div class=\"elementor-element elementor-element-5dfbb5d elementor-widget elementor-widget-button\" data-id=\"5dfbb5d\" data-element_type=\"widget\" data-e-type=\"widget\" data-widget_type=\"button.default\">\n\t\t\t\t<div class=\"elementor-widget-container\">\n\t\t\t\t\t\t\t\t\t<div class=\"elementor-button-wrapper\">\n\t\t\t\t\t<a class=\"elementor-button elementor-button-link elementor-size-sm\" href=\"https:\/\/www.bbz-nok.de\/bildungsangebote\/vollzeitschulen-weiterqualifizierung\/avflex\/\">\n\t\t\t\t\t\t<span class=\"elementor-button-content-wrapper\">\n\t\t\t\t\t\t\t\t\t<span class=\"elementor-button-text\">AVflex MSA<\/span>\n\t\t\t\t\t<\/span>\n\t\t\t\t\t<\/a>\n\t\t\t\t<\/div>\n\t\t\t\t\t\t\t\t<\/div>\n\t\t\t\t<\/div>\n\t\t\t\t\t<\/div>\n\t\t<\/div>\n\t\t\t\t\t<\/div>\n\t\t<\/section>\n\t\t\t\t<\/div>\n\t\t","protected":false},"excerpt":{"rendered":"<p>Die Unterstufe der ehemaligen BFS I wird in die neue AVflex integriert und die Strukturen der ehemaligen AVdual werden \u00fcbernommen Es werden insgesamt vier Klassen eingeschult, davon sind jeweils zwei parallel entweder im Unterricht oder im Praktikum. &nbsp; Unser Konzept: alle Sch\u00fclerinnen und Sch\u00fcler haben 3 Wochen Unterricht und 3 Wochen Praktikum im Wechsel die&hellip; <a class=\"continue\" href=\"https:\/\/www.bbz-nok.de\/en\/educational-offers\/vocational-preparation\/avflex\/\">Weiterlesen<span> AVflex<\/span><\/a><\/p>\n","protected":false},"author":9,"featured_media":0,"parent":7937,"menu_order":0,"comment_status":"closed","ping_status":"closed","template":"","meta":{"footnotes":""},"class_list":["post-17185","page","type-page","status-publish","hentry"],"_links":{"self":[{"href":"https:\/\/www.bbz-nok.de\/en\/wp-json\/wp\/v2\/pages\/17185","targetHints":{"allow":["GET"]}}],"collection":[{"href":"https:\/\/www.bbz-nok.de\/en\/wp-json\/wp\/v2\/pages"}],"about":[{"href":"https:\/\/www.bbz-nok.de\/en\/wp-json\/wp\/v2\/types\/page"}],"author":[{"embeddable":true,"href":"https:\/\/www.bbz-nok.de\/en\/wp-json\/wp\/v2\/users\/9"}],"replies":[{"embeddable":true,"href":"https:\/\/www.bbz-nok.de\/en\/wp-json\/wp\/v2\/comments?post=17185"}],"version-history":[{"count":4,"href":"https:\/\/www.bbz-nok.de\/en\/wp-json\/wp\/v2\/pages\/17185\/revisions"}],"predecessor-version":[{"id":17191,"href":"https:\/\/www.bbz-nok.de\/en\/wp-json\/wp\/v2\/pages\/17185\/revisions\/17191"}],"up":[{"embeddable":true,"href":"https:\/\/www.bbz-nok.de\/en\/wp-json\/wp\/v2\/pages\/7937"}],"wp:attachment":[{"href":"https:\/\/www.bbz-nok.de\/en\/wp-json\/wp\/v2\/media?parent=17185"}],"curies":[{"name":"wp","href":"https:\/\/api.w.org\/{rel}","templated":true}]}}